{"id":153,"date":"2018-01-03T19:37:25","date_gmt":"2018-01-03T19:37:25","guid":{"rendered":"http:\/\/wp.tierarztpraxis-rheinbach.de\/?page_id=153"},"modified":"2024-07-22T13:44:11","modified_gmt":"2024-07-22T13:44:11","slug":"physiotherapie","status":"publish","type":"page","link":"https:\/\/tierarztpraxis-rheinbach.de\/?page_id=153","title":{"rendered":"Physiotherapie"},"content":{"rendered":"\n<p>nutzt als nat\u00fcrliches Heilverfahren die passive &#8211; z.B. durch den Therapeuten gef\u00fchrte &#8211; und die aktive, selbstst\u00e4ndig ausgef\u00fchrte Bewegung des Patienten sowie den Einsatz physikalischer Ma\u00dfnahmen zur Heilung und Vorbeugung von Erkrankungen.<\/p>\n\n\n\n<p>Vorgestellt zur physiotherapeutischen Untersuchung und Behandlung werden Patienten mit Gelenk- und Wirbels\u00e4ulenbeschwerden, mit Muskelverspannungen, Koordinationsst\u00f6rungen, L\u00e4hmungen, nach Unfalltrauma und Operationen vorgestellt. Dar\u00fcber hinaus ist die Physiotherapie heute ein wichtiger Bestandteil der sportmedizinischen Betreuung von Tieren.<\/p>\n\n\n\n<p>Der Physiotherapeut analysiert initial mit einer umfangreichen Voruntersuchung bestehende Funktionseinschr\u00e4nkungen im Bewegungsapparat des Patienten und entwickelt daraus einen Behandlungsplan. Physiotherapeutische Behandlungen k\u00f6nnen neben manualtherapeutischen Anwendungen, wie Massage, manueller Therapie und passiven Bewegungs\u00fcbungen auch aktive Bewegungs\u00fcbungen auf Bewegungsparcours, Laufband und Unterwasserlaufband sowie physiotechnische Anwendungen wie Laser, therapeutischen Ultraschall und Magnetfeld umfassen.<\/p>\n\n\n\n<p>Eine physiotherapeutische Untersuchung und Behandlung in meiner Praxis besteht in der Regel aus einer Eingangsuntersuchung mit Erstellung eines Behandlungsplans und einer individuell angepassten Zahl und Frequenz von physiotherapeutischen Behandlungen und einer Abschlu\u00dfuntersuchung. Berechnet werden die Konsultationen nach der Geb\u00fchrenordnung f\u00fcr Tier\u00e4rzte.&nbsp;<\/p>\n\n\n\n<p>Da ein Bild mehr sagt als tausend Worte, m\u00f6chten wir Ihnen mit den nachfolgenden Bildern einen kleinen Einblick in m\u00f6gliche physiktherapeutische Bewegungs\u00fcbungen geben:&nbsp;<\/p>\n\n\n\n<figure class=\"wp-block-gallery has-nested-images columns-default is-cropped wp-block-gallery-1 is-layout-flex\">\n<figure class=\"wp-block-image size-large\"><img decoding=\"async\" loading=\"lazy\" width=\"1024\" height=\"682\" data-id=\"599\"  src=\"https:\/\/tierarztpraxis-rheinbach.de\/wp-content\/uploads\/2022\/05\/15d42af1-8e7a-4daa-bd72-4cc168214ba8-1024x682.jpg\" alt=\"\" class=\"wp-image-599\" srcset=\"https:\/\/tierarztpraxis-rheinbach.de\/wp-content\/uploads\/2022\/05\/15d42af1-8e7a-4daa-bd72-4cc168214ba8-1024x682.jpg 1024w, https:\/\/tierarztpraxis-rheinbach.de\/wp-content\/uploads\/2022\/05\/15d42af1-8e7a-4daa-bd72-4cc168214ba8-300x200.jpg 300w, https:\/\/tierarztpraxis-rheinbach.de\/wp-content\/uploads\/2022\/05\/15d42af1-8e7a-4daa-bd72-4cc168214ba8-768x512.jpg 768w, https:\/\/tierarztpraxis-rheinbach.de\/wp-content\/uploads\/2022\/05\/15d42af1-8e7a-4daa-bd72-4cc168214ba8-1536x1023.jpg 1536w, https:\/\/tierarztpraxis-rheinbach.de\/wp-content\/uploads\/2022\/05\/15d42af1-8e7a-4daa-bd72-4cc168214ba8.jpg 1600w\" sizes=\"(max-width: 1024px) 100vw, 1024px\" \/><\/figure>\n<\/figure>\n\n\n\n<p>Die Wirksamkeit physiotherapeutischer Therapie ist durch internationale Studien belegt. Ein Heilsversprechen und eine Vorhersage auf Beschwerdefreiheit kann jedoch nicht gegeben werden.<\/p>\n\n\n\n<p><\/p>\n\n\n\n<p>\u00dcber Ihre Nachfragen freuen wir uns sehr. Sie erreichen uns unter 0 22 26 \/ 908 20 13 oder unter info@tierarztpraxis-rheinbach.de<\/p>\n\n\n\n<h3 class=\"wp-block-heading\">Unser Leistungsspektrum als spezialisierte Praxis f\u00fcr Physiotherapie<\/h3>\n\n\n\n<ul>\n<li>Allgemeine und spezielle Schmerztherapie\n<ul>\n<li>Beratung und Durchf\u00fchrung medikamenteller Schmerztherapie<\/li>\n\n\n\n<li>Goldakupunktur<\/li>\n\n\n\n<li>Neuraltherapie<\/li>\n<\/ul>\n<\/li>\n\n\n\n<li>Begleitende Therapie bei Tumorerkrankungen<\/li>\n\n\n\n<li>Physiotherapie, z. B.\n<ul>\n<li>Laufband (Trocken- und Unterwasserlaufband)<\/li>\n\n\n\n<li>Krankengymnastik<\/li>\n\n\n\n<li>Bewegungstherapie<\/li>\n\n\n\n<li>Lasertherapie<\/li>\n\n\n\n<li>Elektrotherapie<\/li>\n\n\n\n<li>Therapeutischer Ultraschall<\/li>\n\n\n\n<li>Massage<\/li>\n\n\n\n<li>Galileo\u00ae<\/li>\n\n\n\n<li>NEU: CanidGait-Laufband-Analyse zur objektiven Gangbildanalyse und Therapie-\/Trainingskontrolle<\/li>\n<\/ul>\n<\/li>\n<\/ul>\n\n\n\n<h3 class=\"wp-block-heading\">Noch ein paar Eindr\u00fccke von physiotherapeutischen Anwendungen:<\/h3>\n\n\n<div class=\"wp-block-image\">\n<figure class=\"aligncenter size-large\"><img decoding=\"async\" loading=\"lazy\" width=\"768\" height=\"1024\" src=\"https:\/\/tierarztpraxis-rheinbach.de\/wp-content\/uploads\/2024\/05\/Brinja-CanidGait-768x1024.jpg\" alt=\"\" class=\"wp-image-654\" srcset=\"https:\/\/tierarztpraxis-rheinbach.de\/wp-content\/uploads\/2024\/05\/Brinja-CanidGait-768x1024.jpg 768w, https:\/\/tierarztpraxis-rheinbach.de\/wp-content\/uploads\/2024\/05\/Brinja-CanidGait-225x300.jpg 225w, https:\/\/tierarztpraxis-rheinbach.de\/wp-content\/uploads\/2024\/05\/Brinja-CanidGait-1152x1536.jpg 1152w, https:\/\/tierarztpraxis-rheinbach.de\/wp-content\/uploads\/2024\/05\/Brinja-CanidGait-1536x2048.jpg 1536w, https:\/\/tierarztpraxis-rheinbach.de\/wp-content\/uploads\/2024\/05\/Brinja-CanidGait-scaled.jpg 1920w\" sizes=\"(max-width: 768px) 100vw, 768px\" \/><figcaption class=\"wp-element-caption\">CanidGait-Laufband<\/figcaption><\/figure><\/div>\n\n<div class=\"wp-block-image\">\n<figure class=\"aligncenter size-large\"><img decoding=\"async\" loading=\"lazy\" width=\"1024\" height=\"768\" src=\"https:\/\/tierarztpraxis-rheinbach.de\/wp-content\/uploads\/2018\/01\/IMG_0702_1024-1024x768.jpg\" alt=\"\" class=\"wp-image-118\" srcset=\"https:\/\/tierarztpraxis-rheinbach.de\/wp-content\/uploads\/2018\/01\/IMG_0702_1024.jpg 1024w, https:\/\/tierarztpraxis-rheinbach.de\/wp-content\/uploads\/2018\/01\/IMG_0702_1024-300x225.jpg 300w, https:\/\/tierarztpraxis-rheinbach.de\/wp-content\/uploads\/2018\/01\/IMG_0702_1024-768x576.jpg 768w\" sizes=\"(max-width: 1024px) 100vw, 1024px\" \/><figcaption class=\"wp-element-caption\">Massageanwendungen<\/figcaption><\/figure><\/div>\n\n<div class=\"wp-block-image\">\n<figure class=\"aligncenter size-large\"><img decoding=\"async\" loading=\"lazy\" width=\"1024\" height=\"682\" src=\"https:\/\/tierarztpraxis-rheinbach.de\/wp-content\/uploads\/2022\/05\/ac3b7b38-881f-4e18-a5ab-79c66bf6f8bc-1024x682.jpg\" alt=\"\" class=\"wp-image-601\" srcset=\"https:\/\/tierarztpraxis-rheinbach.de\/wp-content\/uploads\/2022\/05\/ac3b7b38-881f-4e18-a5ab-79c66bf6f8bc-1024x682.jpg 1024w, https:\/\/tierarztpraxis-rheinbach.de\/wp-content\/uploads\/2022\/05\/ac3b7b38-881f-4e18-a5ab-79c66bf6f8bc-300x200.jpg 300w, https:\/\/tierarztpraxis-rheinbach.de\/wp-content\/uploads\/2022\/05\/ac3b7b38-881f-4e18-a5ab-79c66bf6f8bc-768x512.jpg 768w, https:\/\/tierarztpraxis-rheinbach.de\/wp-content\/uploads\/2022\/05\/ac3b7b38-881f-4e18-a5ab-79c66bf6f8bc-1536x1023.jpg 1536w, https:\/\/tierarztpraxis-rheinbach.de\/wp-content\/uploads\/2022\/05\/ac3b7b38-881f-4e18-a5ab-79c66bf6f8bc.jpg 1600w\" sizes=\"(max-width: 1024px) 100vw, 1024px\" \/><figcaption class=\"wp-element-caption\">Bewegungstherapie<\/figcaption><\/figure><\/div>\n\n\n<div class=\"wp-block-group is-layout-flow\"><div class=\"wp-block-group__inner-container\"><\/div><\/div>\n\n\n\n<figure class=\"wp-block-video\"><video controls src=\"http:\/\/tierarztpraxis-rheinbach.de\/wp-content\/uploads\/2020\/04\/MVI_1687-1.mov\"><\/video><\/figure>\n\n\n\n<p><\/p>\n","protected":false},"excerpt":{"rendered":"<p>nutzt als nat\u00fcrliches Heilverfahren die passive &#8211; z.B. durch den Therapeuten gef\u00fchrte &#8211; und die aktive, selbstst\u00e4ndig ausgef\u00fchrte Bewegung des Patienten sowie den Einsatz physikalischer Ma\u00dfnahmen zur Heilung und Vorbeugung von Erkrankungen. Vorgestellt zur physiotherapeutischen Untersuchung und Behandlung werden Patienten mit Gelenk- und Wirbels\u00e4ulenbeschwerden, mit Muskelverspannungen, Koordinationsst\u00f6rungen, L\u00e4hmungen, nach Unfalltrauma und Operationen vorgestellt. Dar\u00fcber hinaus&hellip; <a href=\"https:\/\/tierarztpraxis-rheinbach.de\/?page_id=153\" class=\"more-link\">Weiterlesen <span class=\"screen-reader-text\">Physiotherapie<\/span><\/a><\/p>\n","protected":false},"author":1,"featured_media":0,"parent":7,"menu_order":0,"comment_status":"closed","ping_status":"closed","template":"templates\/full-width-page.php","meta":[],"_links":{"self":[{"href":"https:\/\/tierarztpraxis-rheinbach.de\/index.php?rest_route=\/wp\/v2\/pages\/153"}],"collection":[{"href":"https:\/\/tierarztpraxis-rheinbach.de\/index.php?rest_route=\/wp\/v2\/pages"}],"about":[{"href":"https:\/\/tierarztpraxis-rheinbach.de\/index.php?rest_route=\/wp\/v2\/types\/page"}],"author":[{"embeddable":true,"href":"https:\/\/tierarztpraxis-rheinbach.de\/index.php?rest_route=\/wp\/v2\/users\/1"}],"replies":[{"embeddable":true,"href":"https:\/\/tierarztpraxis-rheinbach.de\/index.php?rest_route=%2Fwp%2Fv2%2Fcomments&post=153"}],"version-history":[{"count":21,"href":"https:\/\/tierarztpraxis-rheinbach.de\/index.php?rest_route=\/wp\/v2\/pages\/153\/revisions"}],"predecessor-version":[{"id":674,"href":"https:\/\/tierarztpraxis-rheinbach.de\/index.php?rest_route=\/wp\/v2\/pages\/153\/revisions\/674"}],"up":[{"embeddable":true,"href":"https:\/\/tierarztpraxis-rheinbach.de\/index.php?rest_route=\/wp\/v2\/pages\/7"}],"wp:attachment":[{"href":"https:\/\/tierarztpraxis-rheinbach.de\/index.php?rest_route=%2Fwp%2Fv2%2Fmedia&parent=153"}],"curies":[{"name":"wp","href":"https:\/\/api.w.org\/{rel}","templated":true}]}}