{"id":2,"date":"2016-05-10T03:48:21","date_gmt":"2016-05-10T03:48:21","guid":{"rendered":"http:\/\/wp.tierarztpraxis-rheinbach.de\/?page_id=2"},"modified":"2026-01-28T16:49:38","modified_gmt":"2026-01-28T16:49:38","slug":"sample-page","status":"publish","type":"page","link":"https:\/\/tierarztpraxis-rheinbach.de\/","title":{"rendered":"Herzlich Willkommen !"},"content":{"rendered":"\n<div class=\"wp-block-group is-layout-flow\"><div class=\"wp-block-group__inner-container\"><div class=\"wp-block-image\">\n<figure class=\"aligncenter size-large\"><img decoding=\"async\" loading=\"lazy\" width=\"703\" height=\"876\" src=\"https:\/\/tierarztpraxis-rheinbach.de\/wp-content\/uploads\/2021\/07\/image-1.png\" alt=\"\" class=\"wp-image-461\" srcset=\"https:\/\/tierarztpraxis-rheinbach.de\/wp-content\/uploads\/2021\/07\/image-1.png 703w, https:\/\/tierarztpraxis-rheinbach.de\/wp-content\/uploads\/2021\/07\/image-1-241x300.png 241w\" sizes=\"(max-width: 703px) 100vw, 703px\" \/><\/figure><\/div>\n\n\n<p><\/p>\n\n\n\n<p class=\"has-text-align-center\">Liebe Tierbesitzer!<\/p>\n\n\n\n<p class=\"has-text-align-center\">Herzlich willkommen auf der Internetseite meiner Tierarztpraxis!<\/p>\n\n\n\n<p class=\"has-text-align-center\">Mit meiner Spezialisierung auf Osteopathie und Physiotherapie, der Spezialisierung meiner Kollegin Busch-Kschiewan auf Tierern\u00e4hrung und Osteopathie und&nbsp;meinem Team aus Tier-\/Hunde-physiotherapeuten m\u00f6chten wir Ihnen neben der schulmedizinischen Versorgung ein ganzheitliches Untersuchungs-, Prophylaxe- und Therapieangebot f\u00fcr ein gesundes, gl\u00fcckliches Leben mit Ihrem Vierbeiners machen. <\/p>\n\n\n<div class=\"wp-block-image\">\n<figure class=\"aligncenter size-large\"><img decoding=\"async\" loading=\"lazy\" width=\"814\" height=\"1024\" src=\"https:\/\/tierarztpraxis-rheinbach.de\/wp-content\/uploads\/2026\/01\/Bildschirmfoto-2026-01-28-um-17.44.34-814x1024.png\" alt=\"\" class=\"wp-image-744\" srcset=\"https:\/\/tierarztpraxis-rheinbach.de\/wp-content\/uploads\/2026\/01\/Bildschirmfoto-2026-01-28-um-17.44.34-814x1024.png 814w, https:\/\/tierarztpraxis-rheinbach.de\/wp-content\/uploads\/2026\/01\/Bildschirmfoto-2026-01-28-um-17.44.34-238x300.png 238w, https:\/\/tierarztpraxis-rheinbach.de\/wp-content\/uploads\/2026\/01\/Bildschirmfoto-2026-01-28-um-17.44.34-768x966.png 768w, https:\/\/tierarztpraxis-rheinbach.de\/wp-content\/uploads\/2026\/01\/Bildschirmfoto-2026-01-28-um-17.44.34.png 1054w\" sizes=\"(max-width: 814px) 100vw, 814px\" \/><\/figure><\/div>\n\n\n<p class=\"has-text-align-left\">Auch in 2025 war es uns ein Anliegen, das WDR-2-Weihnachtswunder zu unterst\u00fctzen und wir haben tolle Sponsoren gefunden, die unser Projekt unterst\u00fctzen. Sie k\u00f6nnen ganz einfach Lose \u00fcber info@tierarztpraxis-rheinbach.de bestellen und \u00fcber diese E-Mail-Adresse auch via Paypal bezahlen. Lassen Sie uns gemeinsam ein wenig gegen den Hunger in der Welt tun!<\/p>\n\n\n\n<p class=\"has-text-align-left\">Vielen, vielen herzlichen Dank f\u00fcr die gro\u00dfz\u00fcgigen Sachspenden f\u00fcr unsere Weihnachtstombola, ohne die unsere Spendenaktion gar nicht m\u00f6glich gewesen w\u00e4re:<\/p>\n\n\n\n<p>Claudia Kulmsee (Draht zum Hund), Dres. del Amo und Behr (Lupologic), Erika W\u00f6lk -Paracord unf Filz-, Hannisballshop, Futterhaus, Q-Chef, Plantavet, Purina ProPlan, VetPlus, Virbac und dem gesamten Team der Tierarztpraxis Dr. Thelen<\/p>\n\n\n\n<p><\/p>\n\n\n\n<h2 class=\"wp-block-heading has-text-align-center\">Die Gewinner der Weihnachtstombola<\/h2>\n\n\n\n<p>Unsere Praxishunde Fivi, Brinja und Helena bet\u00e4tigen sich als Gl\u00fccksfeen und haben folgende Gewinnerlose gezogen:<\/p>\n\n\n\n<ul>\n<li>am 01.12.2025 gewinnen die Losnummern 679, 680, 686, 708, 749, 761, 766, 771 und 772<\/li>\n\n\n\n<li>am 02.12.2025 gewinnen die Losnummern 617, 630, 689, 692, 707, 735, 781 und 789<\/li>\n\n\n\n<li>am 03.12.2025 gewinnen die Losnummern 623, 641, 648, 687, 696, 729, 738 und 741<\/li>\n\n\n\n<li>am 04.12.2025 gewinnen die Losnummern 604, 605, 681, 698, 715, 740, 764 und 776<\/li>\n\n\n\n<li>am 05.12.2025 gewinnen die Losnummern 601, 620, 634, 678, 690, 702, 728, 733 und 756<\/li>\n\n\n\n<li>am 06.12.2025 gewinnen die Losnummern 621, 635, 637, 642, 659, 682, 719, 720 und 790<\/li>\n\n\n\n<li>am 07.12.2025 gewinnen die Losnummern 611, 668, 685, 722, 725, 745, 768, 775 und 778 <\/li>\n\n\n\n<li>am 08.12.2025 gewinnen die Losnummern 613, 626, 627, 631, 667, 688, 694, 724 und 746<\/li>\n\n\n\n<li>am 09.12.2025 gewinnen die Losnummern 610, 693, 695, 713, 716, 732, 734, 760 und 800<\/li>\n\n\n\n<li>am 10.12.2025 gewinnen die Losnummern 607, 625, 628, 636, 663, 671, 672 und 736<\/li>\n\n\n\n<li>am 11.12.2025 gewinnen die Losnummern 622, 633, 639, 666, 683, 727, 779 und 786<\/li>\n\n\n\n<li>am 12.12.2025 gewinnen die Losnummern 618, 709, 714, 717, 742, 747, 763, 773 und 784<\/li>\n\n\n\n<li>am 13.12.2025 gewinnen die Losnummern 603, 638, 676, 689, 723, 752, 782 und 793<\/li>\n\n\n\n<li>am 14.12.2025 gewinnen die Losnummern 629, 654, 661, 662, 670, 684, 706, 710 und 757<\/li>\n\n\n\n<li>am 15.12.2025 gewinnen die Losnummern 609, 612, 619, 645, 652, 658, 787 und 795<\/li>\n\n\n\n<li>am 16.12.2025 gewinnen die Losnummern 602, 614, 644, 646, 647, 656, 731, 762, 777 und 797<\/li>\n\n\n\n<li>am 17.12.2025 gewinnen die Losnummern 616, 653, 657, 697, 705, 712, 718, 753, 770 und 774<\/li>\n\n\n\n<li>am 18.12.2025 gewinnen die Losnummern 632, 665, 677, 704, 730, 748, 783, 792 und 799<\/li>\n\n\n\n<li>am 19.12.2025 gewinnen die Losnummern 624, 651, 691, 703, 743, 750, 765, 794 und 798<\/li>\n\n\n\n<li>am 20.12.2025 gewinnen die Losnummern 615, 649, 673, 675, 700, 721, 744, 751 und 791<\/li>\n\n\n\n<li>am 21.12.2025 gewinnen die Losnummern 606, 655, 674, 701, 711, 737, 755, 758 und 767<\/li>\n\n\n\n<li>am 22.12.2025 gewinnen die Losnummern 660, 726, 736, 754, 780, 785, 788 und 796<\/li>\n\n\n\n<li>am 23.12.2025 gewinnen die Losnummern 608, 640, 643, 650, 664, 699, 759 und 769<\/li>\n\n\n\n<li>am 24.12.2025 gewinnen die Losnummern 674, 688, 745, 764 und 765<\/li>\n<\/ul>\n\n\n\n<p>HERZLICHEN GL\u00dcCKWUNSCH allen Gewinnern und viel Gl\u00fcck f\u00fcr die verbliebenen Losbesitzer!           Leider sind noch nicht alle Gewinne abgeholt. Deshalb m\u00f6chten wir alle Gewinner bitten, sich schnellstm\u00f6glich mit uns in Verbindung zu setzen.<\/p>\n\n\n\n<p><\/p>\n\n\n\n<p><\/p>\n\n\n\n<p><\/p>\n\n\n<div class=\"wp-block-image\">\n<figure class=\"aligncenter size-large is-resized\"><img decoding=\"async\" loading=\"lazy\" src=\"https:\/\/tierarztpraxis-rheinbach.de\/wp-content\/uploads\/2024\/05\/Brinja-CanidGait-768x1024.jpg\" alt=\"\" class=\"wp-image-654\" width=\"324\" height=\"431\" srcset=\"https:\/\/tierarztpraxis-rheinbach.de\/wp-content\/uploads\/2024\/05\/Brinja-CanidGait-768x1024.jpg 768w, https:\/\/tierarztpraxis-rheinbach.de\/wp-content\/uploads\/2024\/05\/Brinja-CanidGait-225x300.jpg 225w, https:\/\/tierarztpraxis-rheinbach.de\/wp-content\/uploads\/2024\/05\/Brinja-CanidGait-1152x1536.jpg 1152w, https:\/\/tierarztpraxis-rheinbach.de\/wp-content\/uploads\/2024\/05\/Brinja-CanidGait-1536x2048.jpg 1536w, https:\/\/tierarztpraxis-rheinbach.de\/wp-content\/uploads\/2024\/05\/Brinja-CanidGait-scaled.jpg 1920w\" sizes=\"(max-width: 324px) 100vw, 324px\" \/><\/figure><\/div>\n\n\n<p>Seit April 2024 bereichert au\u00dferdem ein CanidGait-Laufband der Fa. Zebris unser Diagnostik-Angebot:<\/p>\n\n\n\n<figure class=\"wp-block-gallery has-nested-images columns-default is-cropped wp-block-gallery-1 is-layout-flex\">\n<figure class=\"wp-block-image size-large\"><img decoding=\"async\" loading=\"lazy\" width=\"848\" height=\"1024\" src=\"https:\/\/tierarztpraxis-rheinbach.de\/wp-content\/uploads\/2024\/07\/IMG_8495-2-848x1024.jpg\" alt=\"\" class=\"wp-image-659\" srcset=\"https:\/\/tierarztpraxis-rheinbach.de\/wp-content\/uploads\/2024\/07\/IMG_8495-2-848x1024.jpg 848w, https:\/\/tierarztpraxis-rheinbach.de\/wp-content\/uploads\/2024\/07\/IMG_8495-2-248x300.jpg 248w, https:\/\/tierarztpraxis-rheinbach.de\/wp-content\/uploads\/2024\/07\/IMG_8495-2-768x928.jpg 768w, https:\/\/tierarztpraxis-rheinbach.de\/wp-content\/uploads\/2024\/07\/IMG_8495-2.jpg 1125w\" sizes=\"(max-width: 848px) 100vw, 848px\" \/><\/figure>\n\n\n\n<figure class=\"wp-block-image size-large\"><img decoding=\"async\" loading=\"lazy\" width=\"1007\" height=\"1024\" src=\"https:\/\/tierarztpraxis-rheinbach.de\/wp-content\/uploads\/2024\/07\/IMG_8494-2-1007x1024.jpg\" alt=\"\" class=\"wp-image-658\" srcset=\"https:\/\/tierarztpraxis-rheinbach.de\/wp-content\/uploads\/2024\/07\/IMG_8494-2-1007x1024.jpg 1007w, https:\/\/tierarztpraxis-rheinbach.de\/wp-content\/uploads\/2024\/07\/IMG_8494-2-295x300.jpg 295w, https:\/\/tierarztpraxis-rheinbach.de\/wp-content\/uploads\/2024\/07\/IMG_8494-2-768x781.jpg 768w, https:\/\/tierarztpraxis-rheinbach.de\/wp-content\/uploads\/2024\/07\/IMG_8494-2.jpg 1118w\" sizes=\"(max-width: 1007px) 100vw, 1007px\" \/><\/figure>\n\n\n\n<figure class=\"wp-block-image size-large\"><img decoding=\"async\" loading=\"lazy\" width=\"985\" height=\"1024\" src=\"https:\/\/tierarztpraxis-rheinbach.de\/wp-content\/uploads\/2024\/07\/IMG_8493-2-985x1024.jpg\" alt=\"\" class=\"wp-image-660\" srcset=\"https:\/\/tierarztpraxis-rheinbach.de\/wp-content\/uploads\/2024\/07\/IMG_8493-2-985x1024.jpg 985w, https:\/\/tierarztpraxis-rheinbach.de\/wp-content\/uploads\/2024\/07\/IMG_8493-2-288x300.jpg 288w, https:\/\/tierarztpraxis-rheinbach.de\/wp-content\/uploads\/2024\/07\/IMG_8493-2-768x799.jpg 768w, https:\/\/tierarztpraxis-rheinbach.de\/wp-content\/uploads\/2024\/07\/IMG_8493-2.jpg 1125w\" sizes=\"(max-width: 985px) 100vw, 985px\" \/><\/figure>\n<\/figure>\n\n\n\n<p><\/p>\n\n\n\n<p class=\"has-text-align-center\">Wie Sie sehen, ist unser neuestes Schmuckst\u00fcck, das CanidGait, &#8222;scheinbar&#8220; ein ganz normales Laufband. Doch es kann so viel mehr und erm\u00f6glicht uns, wie Sie an den exemplarisch dargestellten Auswertungen sehen, eine objektive Gangbildanalyse. Eine derart objektive Gangbildanalyse kann bei der Lokalisation von Schmerzursachen bei unklaren Lahmheiten ebenso eingesetzt werden wie bei der gezielten Aufzucht von Hunden im Sport- und TGI-Bereich, zur Therapiekontrolle in der Physiotherapie und der Trainingskontrolle im Leistungssport. <\/p>\n\n\n\n<p class=\"has-text-align-center\">Machen Sie sich auf den n\u00e4chsten Seiten gerne ein Bild von unserem weiteren Leistungs- und Fortbildungsangebot. Wir beraten Sie gerne auch telefonisch oder \u00fcber unsere Videosprechstunde    Vet-Guru. <\/p>\n\n\n\n<p class=\"has-text-align-center\">Ihre Dr. med. vet. Katrin Thelen<\/p>\n\n\n<div class=\"wp-block-image\">\n<figure class=\"aligncenter size-large\"><img decoding=\"async\" loading=\"lazy\" width=\"1024\" height=\"683\" src=\"https:\/\/tierarztpraxis-rheinbach.de\/wp-content\/uploads\/2020\/04\/startseite-freundschaft-1024x683.jpg\" alt=\"\" class=\"wp-image-385\" srcset=\"https:\/\/tierarztpraxis-rheinbach.de\/wp-content\/uploads\/2020\/04\/startseite-freundschaft-1024x683.jpg 1024w, https:\/\/tierarztpraxis-rheinbach.de\/wp-content\/uploads\/2020\/04\/startseite-freundschaft-300x200.jpg 300w, https:\/\/tierarztpraxis-rheinbach.de\/wp-content\/uploads\/2020\/04\/startseite-freundschaft-768x512.jpg 768w, https:\/\/tierarztpraxis-rheinbach.de\/wp-content\/uploads\/2020\/04\/startseite-freundschaft-1536x1024.jpg 1536w, https:\/\/tierarztpraxis-rheinbach.de\/wp-content\/uploads\/2020\/04\/startseite-freundschaft-2048x1365.jpg 2048w\" sizes=\"(max-width: 1024px) 100vw, 1024px\" \/><\/figure><\/div>\n\n\n<p><\/p>\n\n\n\n<p class=\"has-text-align-center\"><em>F\u00fcr eine gesunde Freundschaft f\u00fcr&#8217;s ganze Leben!<\/em><\/p>\n<\/div><\/div>\n\n\n\n<p><\/p>\n\n\n\n<p>Sie m\u00f6chten uns zum ersten Mal mit Ihrem Tier besuchen, dann k\u00f6nnen Sie sich hier unser Anmeldeformular herunterladen: <\/p>\n\n\n\n<div class=\"wp-block-file\"><object class=\"wp-block-file__embed\" data=\"https:\/\/tierarztpraxis-rheinbach.de\/wp-content\/uploads\/2025\/04\/Anmeldung-Praxis-gem.-BDSG-April-2025-1.pdf\" type=\"application\/pdf\" style=\"width:100%;height:600px\" aria-label=\"Einbettung von Anmeldung-Praxis-gem.-BDSG-April-2025-1.\"><\/object><a id=\"wp-block-file--media-274ecd09-bffa-4e9a-9df2-3ba61fafbd1e\" href=\"https:\/\/tierarztpraxis-rheinbach.de\/wp-content\/uploads\/2025\/04\/Anmeldung-Praxis-gem.-BDSG-April-2025-1.pdf\">Anmeldung-Praxis-gem.-BDSG-April-2025-1<\/a><a href=\"https:\/\/tierarztpraxis-rheinbach.de\/wp-content\/uploads\/2025\/04\/Anmeldung-Praxis-gem.-BDSG-April-2025-1.pdf\" class=\"wp-block-file__button wp-element-button\" download aria-describedby=\"wp-block-file--media-274ecd09-bffa-4e9a-9df2-3ba61fafbd1e\">Herunterladen<\/a><\/div>\n\n\n\n<p><\/p>\n\n\n\n<p class=\"has-text-align-center\"><strong>EIN NEUER SERVICE IHRER KLEINTIERPRAXEN IM RHEIN-SIEG-KREIS: <\/strong><\/p>\n\n\n\n<div class=\"wp-block-group is-layout-flow\"><div class=\"wp-block-group__inner-container\">\n<figure class=\"wp-block-image size-large\"><img decoding=\"async\" loading=\"lazy\" width=\"1024\" height=\"738\" src=\"https:\/\/tierarztpraxis-rheinbach.de\/wp-content\/uploads\/2024\/07\/IMG_3176-1024x738.jpg\" alt=\"\" class=\"wp-image-665\" srcset=\"https:\/\/tierarztpraxis-rheinbach.de\/wp-content\/uploads\/2024\/07\/IMG_3176-1024x738.jpg 1024w, https:\/\/tierarztpraxis-rheinbach.de\/wp-content\/uploads\/2024\/07\/IMG_3176-300x216.jpg 300w, https:\/\/tierarztpraxis-rheinbach.de\/wp-content\/uploads\/2024\/07\/IMG_3176-768x553.jpg 768w, https:\/\/tierarztpraxis-rheinbach.de\/wp-content\/uploads\/2024\/07\/IMG_3176-1536x1106.jpg 1536w, https:\/\/tierarztpraxis-rheinbach.de\/wp-content\/uploads\/2024\/07\/IMG_3176-2048x1475.jpg 2048w\" sizes=\"(max-width: 1024px) 100vw, 1024px\" \/><\/figure>\n\n\n\n<p class=\"has-text-align-center\"><\/p>\n\n\n\n<pre class=\"wp-block-code\"><code>\n<\/code><\/pre>\n<\/div><\/div>\n\n\n\n<figure class=\"wp-block-gallery has-nested-images columns-default is-cropped wp-block-gallery-5 is-layout-flex\"><\/figure>\n","protected":false},"excerpt":{"rendered":"<p>Liebe Tierbesitzer! Herzlich willkommen auf der Internetseite meiner Tierarztpraxis! Mit meiner Spezialisierung auf Osteopathie und Physiotherapie, der Spezialisierung meiner Kollegin Busch-Kschiewan auf Tierern\u00e4hrung und Osteopathie und&nbsp;meinem Team aus Tier-\/Hunde-physiotherapeuten m\u00f6chten wir Ihnen neben der schulmedizinischen Versorgung ein ganzheitliches Untersuchungs-, Prophylaxe- und Therapieangebot f\u00fcr ein gesundes, gl\u00fcckliches Leben mit Ihrem Vierbeiners machen. Auch in 2025 war&hellip; <a href=\"https:\/\/tierarztpraxis-rheinbach.de\/\" class=\"more-link\">Weiterlesen <span class=\"screen-reader-text\">Herzlich Willkommen !<\/span><\/a><\/p>\n","protected":false},"author":1,"featured_media":0,"parent":0,"menu_order":0,"comment_status":"closed","ping_status":"closed","template":"templates\/full-width-page.php","meta":[],"_links":{"self":[{"href":"https:\/\/tierarztpraxis-rheinbach.de\/index.php?rest_route=\/wp\/v2\/pages\/2"}],"collection":[{"href":"https:\/\/tierarztpraxis-rheinbach.de\/index.php?rest_route=\/wp\/v2\/pages"}],"about":[{"href":"https:\/\/tierarztpraxis-rheinbach.de\/index.php?rest_route=\/wp\/v2\/types\/page"}],"author":[{"embeddable":true,"href":"https:\/\/tierarztpraxis-rheinbach.de\/index.php?rest_route=\/wp\/v2\/users\/1"}],"replies":[{"embeddable":true,"href":"https:\/\/tierarztpraxis-rheinbach.de\/index.php?rest_route=%2Fwp%2Fv2%2Fcomments&post=2"}],"version-history":[{"count":80,"href":"https:\/\/tierarztpraxis-rheinbach.de\/index.php?rest_route=\/wp\/v2\/pages\/2\/revisions"}],"predecessor-version":[{"id":746,"href":"https:\/\/tierarztpraxis-rheinbach.de\/index.php?rest_route=\/wp\/v2\/pages\/2\/revisions\/746"}],"wp:attachment":[{"href":"https:\/\/tierarztpraxis-rheinbach.de\/index.php?rest_route=%2Fwp%2Fv2%2Fmedia&parent=2"}],"curies":[{"name":"wp","href":"https:\/\/api.w.org\/{rel}","templated":true}]}}