{"id":248,"date":"2020-03-07T20:29:47","date_gmt":"2020-03-07T20:29:47","guid":{"rendered":"http:\/\/tierarztpraxis-rheinbach.de\/?page_id=248"},"modified":"2022-04-14T22:49:26","modified_gmt":"2022-04-14T22:49:26","slug":"rheinbacher-osteopathieseminare-fuer-tieraerzte","status":"publish","type":"page","link":"https:\/\/tierarztpraxis-rheinbach.de\/?page_id=248","title":{"rendered":"Rheinbacher Osteopathieseminare f\u00fcr Tier\u00e4rzte"},"content":{"rendered":"\n<p><\/p>\n\n\n\n<figure class=\"wp-block-image size-large\"><img decoding=\"async\" loading=\"lazy\" width=\"1024\" height=\"954\" src=\"https:\/\/tierarztpraxis-rheinbach.de\/wp-content\/uploads\/2018\/12\/Entwurf-Logo-ROST-1024x954.jpeg\" alt=\"\" class=\"wp-image-217\" srcset=\"https:\/\/tierarztpraxis-rheinbach.de\/wp-content\/uploads\/2018\/12\/Entwurf-Logo-ROST-1024x954.jpeg 1024w, https:\/\/tierarztpraxis-rheinbach.de\/wp-content\/uploads\/2018\/12\/Entwurf-Logo-ROST-300x279.jpeg 300w, https:\/\/tierarztpraxis-rheinbach.de\/wp-content\/uploads\/2018\/12\/Entwurf-Logo-ROST-768x715.jpeg 768w, https:\/\/tierarztpraxis-rheinbach.de\/wp-content\/uploads\/2018\/12\/Entwurf-Logo-ROST.jpeg 1077w\" sizes=\"(max-width: 1024px) 100vw, 1024px\" \/><\/figure>\n\n\n\n<p>Nach einem tollen Start der Rheinbacher Osteopathieseminare f\u00fcr Tier\u00e4rzte mit einem kleinen, aber feinen Seminar \u00fcber Manuelle Thermodiagnostik im Oktober 2019 kam f\u00fcr uns alle die Coronadepression. Mit einigen Webinaren haben wir in 2021 versucht, dieser Depression entgegenzuwirken und mit osteopathisch arbeitenden Kollegen in Kontakt zu bleiben. Ab Januar 2022 k\u00f6nnen Sie diese Webinare auch als Online-Version auf dieser Internetseite abrufen.<\/p>\n\n\n\n<p>So wollen wir auch in 2022 Postgraduierten-Fortbildungsseminare von Tier\u00e4rzten f\u00fcr Tier\u00e4rzte in enger Zusammenarbeit mit Frau Dr. med. vet. Christiane Scheller, der DGOM und der TAO-Equilibre anbieten. <\/p>\n\n\n\n<p>Wir freuen uns auf Ihre Anmeldung und Teilnahme. Es werden sicher wieder tolle Seminare. Ein Anmeldeformular finden Sie weiter unten.&nbsp;<\/p>\n\n\n\n<h2 class=\"wp-block-heading\">Webinare<\/h2>\n\n\n\n<p><strong>Aufzeichnungen:<\/strong><\/p>\n\n\n\n<ul><li>&#8222;Die tier\u00e4rztliche Osteopathie in Zeiten einer Corona-Pandemie&#8220;                            kostenlos<\/li><li>Osteopathie vs. Orthop\u00e4die  20,-\u20ac<\/li><li>Die osteopathische Diagnostik und Behandlung  20,-\u20ac<\/li><li>Osteopathie beim Junghund   20,-\u20ac                                                                                             <\/li><li>Der Sporthund in der osteopathischen Praxis  <strong>   <\/strong> 20,-\u20ac<strong>                                                           <\/strong><\/li><li>Osteopathie beim geriatrischen Patienten   20,-\u20ac                                                              <\/li><li>Osteopathie und was dann?  20,-\u20ac<strong>                                                                                <\/strong><\/li><\/ul>\n\n\n\n<p><strong>Live- Lunch- Webinare &#8211; mit neuem Platz in der Woche<\/strong> &#8211; nach dem Prinzip: Sie decken den Tisch, wir bringen die geistige Nahrung:<\/p>\n\n\n\n<ul><li>Dienstag, 08.03.2022  13.30 &#8211; 14.30 Uhr                                                                                     Der Kniepatient in der osteopathischen Praxis (<a href=\"https:\/\/tierarztpraxis-rheinbach.de\/?page_id=590\" data-type=\"page\" data-id=\"590\">Aufzeichnung [passwortgesch\u00fctzt]<\/a>)<\/li><li>Dienstag, 03.05.2022 13.30 &#8211; 14.30 Uhr                                                                                       Der Ellbogenpatient in der osteopathischen Praxis<\/li><li>Dienstag, 05.07.2022 13.30 &#8211; 14.30 Uhr                                                      Gibt es den Low Back Pain-Patienten in der tier\u00e4rztlich-osteopathischen Praxis?<\/li><li>Dienstag, 06.09.2022 13.30 &#8211; 14.30 Uhr                                                           Der H\u00fcftpatient in der osteopathischen Praxis<\/li><li>Dienstag, 08.11.2022 13.30 &#8211; 14.30 Uhr                                                                       Der  HWS-Patient in der osteopathischen Praxis                                                               <\/li><li>jeweils 25,-\u20ac \/ Webinar                                                                                       Anmeldung erforderlich! Aufzeichnungen zu einem sp\u00e4teren Zeitpunkt verf\u00fcgbar!<\/li><\/ul>\n\n\n\n<p><strong>Kombi-Seminare mit Theorieteil als Webinar und Praxis-Pr\u00e4senzteil<\/strong>             (2 x 150 Minuten Theorie zzgl. 1 x Pr\u00e4senz (Samstag 9-17Uhr)<\/p>\n\n\n\n<ul><li>Listening-Intensiv und myofasciale Releasetechniken<\/li><li>Lymphatics f\u00fcr Tier\u00e4rzte<\/li><li>Advanced Myofascial beim Tier<\/li><\/ul>\n\n\n\n<p><a href=\"http:\/\/tierarztpraxis-rheinbach.de\/wp-content\/uploads\/2020\/01\/Anmeldung-Rheinbacher-Seminare.pdf\">Anmeldung Rheinbacher Seminare<\/a><\/p>\n\n\n\n<p><strong>Anmeldung unter <a href=\"mailto:info@tierarztpraxis-rheinbach.de\">info@tierarztpraxis-rheinbach.de<\/a><\/strong><\/p>\n\n\n\n<h2 class=\"wp-block-heading\">Seminarunterlagen<\/h2>\n\n\n\n<p>Sie finden die Unterlagen und Videos zu den Seminaren <a href=\"https:\/\/tierarztpraxis-rheinbach.de\/?page_id=421\">hier [passwortgesch\u00fctzt]<\/a>.<br>Das Passwort erhalten Sie im Seminar.<\/p>\n\n\n\n<h2 class=\"wp-block-heading\">Einsatz von Clicker in der Krankengymnastik <\/h2>\n\n\n\n<figure class=\"wp-block-table\"><table><tbody><tr><td><strong>Termin<\/strong><\/td><td>Ausschreibung \u00fcber das Deutsche Tier\u00e4rzteblatt<\/td><\/tr><\/tbody><\/table><\/figure>\n\n\n\n<p><\/p>\n","protected":false},"excerpt":{"rendered":"<p>Nach einem tollen Start der Rheinbacher Osteopathieseminare f\u00fcr Tier\u00e4rzte mit einem kleinen, aber feinen Seminar \u00fcber Manuelle Thermodiagnostik im Oktober 2019 kam f\u00fcr uns alle die Coronadepression. Mit einigen Webinaren haben wir in 2021 versucht, dieser Depression entgegenzuwirken und mit osteopathisch arbeitenden Kollegen in Kontakt zu bleiben. Ab Januar 2022 k\u00f6nnen Sie diese Webinare auch&hellip; <a href=\"https:\/\/tierarztpraxis-rheinbach.de\/?page_id=248\" class=\"more-link\">Weiterlesen <span class=\"screen-reader-text\">Rheinbacher Osteopathieseminare f\u00fcr Tier\u00e4rzte<\/span><\/a><\/p>\n","protected":false},"author":1,"featured_media":0,"parent":0,"menu_order":0,"comment_status":"closed","ping_status":"closed","template":"templates\/full-width-page.php","meta":[],"_links":{"self":[{"href":"https:\/\/tierarztpraxis-rheinbach.de\/index.php?rest_route=\/wp\/v2\/pages\/248"}],"collection":[{"href":"https:\/\/tierarztpraxis-rheinbach.de\/index.php?rest_route=\/wp\/v2\/pages"}],"about":[{"href":"https:\/\/tierarztpraxis-rheinbach.de\/index.php?rest_route=\/wp\/v2\/types\/page"}],"author":[{"embeddable":true,"href":"https:\/\/tierarztpraxis-rheinbach.de\/index.php?rest_route=\/wp\/v2\/users\/1"}],"replies":[{"embeddable":true,"href":"https:\/\/tierarztpraxis-rheinbach.de\/index.php?rest_route=%2Fwp%2Fv2%2Fcomments&post=248"}],"version-history":[{"count":21,"href":"https:\/\/tierarztpraxis-rheinbach.de\/index.php?rest_route=\/wp\/v2\/pages\/248\/revisions"}],"predecessor-version":[{"id":592,"href":"https:\/\/tierarztpraxis-rheinbach.de\/index.php?rest_route=\/wp\/v2\/pages\/248\/revisions\/592"}],"wp:attachment":[{"href":"https:\/\/tierarztpraxis-rheinbach.de\/index.php?rest_route=%2Fwp%2Fv2%2Fmedia&parent=248"}],"curies":[{"name":"wp","href":"https:\/\/api.w.org\/{rel}","templated":true}]}}