{"id":542,"date":"2022-04-14T21:50:35","date_gmt":"2022-04-14T21:50:35","guid":{"rendered":"https:\/\/tierarztpraxis-rheinbach.de\/?page_id=542"},"modified":"2022-04-14T22:02:10","modified_gmt":"2022-04-14T22:02:10","slug":"hundetraining","status":"publish","type":"page","link":"https:\/\/tierarztpraxis-rheinbach.de\/?page_id=542","title":{"rendered":"Hundetraining"},"content":{"rendered":"\n<p>\u00dcber die Zeit meiner Praxist\u00e4tigkeit habe ich viele, viele gute Hundetrainer kennengelernt. Aus meiner pers\u00f6nlichen Erfahrung kann ich immer nur empfehlen, sich an folgende Anlaufstellen zu wenden:<\/p>\n\n\n\n<ul><li>Sarah Abbas (<a rel=\"noreferrer noopener\" href=\"http:\/\/www.naturhundliebe.de\" data-type=\"URL\" data-id=\"www.naturhundliebe.de\" target=\"_blank\">www.naturhundliebe.de<\/a>) &nbsp;<\/li><\/ul>\n\n\n\n<div class=\"wp-block-columns is-layout-flex wp-container-3\">\n<div class=\"wp-block-column is-layout-flow\">\n<div class=\"wp-block-image\"><figure class=\"aligncenter size-full is-resized\"><img decoding=\"async\" loading=\"lazy\" src=\"https:\/\/tierarztpraxis-rheinbach.de\/wp-content\/uploads\/2022\/04\/image-2.png\" alt=\"\" class=\"wp-image-543\" width=\"122\" height=\"110\" srcset=\"https:\/\/tierarztpraxis-rheinbach.de\/wp-content\/uploads\/2022\/04\/image-2.png 325w, https:\/\/tierarztpraxis-rheinbach.de\/wp-content\/uploads\/2022\/04\/image-2-300x270.png 300w\" sizes=\"(max-width: 122px) 100vw, 122px\" \/><\/figure><\/div>\n<\/div>\n\n\n\n<div class=\"wp-block-column is-layout-flow\">\n<figure class=\"wp-block-image size-full is-resized\"><img decoding=\"async\" loading=\"lazy\" src=\"https:\/\/tierarztpraxis-rheinbach.de\/wp-content\/uploads\/2022\/04\/image-4.png\" alt=\"\" class=\"wp-image-545\" width=\"108\" height=\"129\" srcset=\"https:\/\/tierarztpraxis-rheinbach.de\/wp-content\/uploads\/2022\/04\/image-4.png 270w, https:\/\/tierarztpraxis-rheinbach.de\/wp-content\/uploads\/2022\/04\/image-4-252x300.png 252w\" sizes=\"(max-width: 108px) 100vw, 108px\" \/><\/figure>\n<\/div>\n<\/div>\n\n\n\n<ul><li>Manuela van Schewig (<a rel=\"noreferrer noopener\" href=\"http:\/\/www.hundeschule-vs.de\" data-type=\"URL\" data-id=\"www.hundeschule-vs.de\" target=\"_blank\">www.hundeschule-vs.de<\/a>)<\/li><li>Marion Thiemann (<a rel=\"noreferrer noopener\" href=\"http:\/\/www.hundeschule-quo-vadis.com\" data-type=\"URL\" data-id=\"www.hundeschule-quo-vadis.com\" target=\"_blank\">www.hundeschule-quo-vadis.com<\/a>)<\/li><\/ul>\n\n\n\n<figure class=\"wp-block-image size-large\"><img decoding=\"async\" loading=\"lazy\" width=\"1024\" height=\"133\" src=\"https:\/\/tierarztpraxis-rheinbach.de\/wp-content\/uploads\/2022\/04\/image-5-1024x133.png\" alt=\"\" class=\"wp-image-557\" srcset=\"https:\/\/tierarztpraxis-rheinbach.de\/wp-content\/uploads\/2022\/04\/image-5-1024x133.png 1024w, https:\/\/tierarztpraxis-rheinbach.de\/wp-content\/uploads\/2022\/04\/image-5-300x39.png 300w, https:\/\/tierarztpraxis-rheinbach.de\/wp-content\/uploads\/2022\/04\/image-5-768x100.png 768w, https:\/\/tierarztpraxis-rheinbach.de\/wp-content\/uploads\/2022\/04\/image-5.png 1076w\" sizes=\"(max-width: 1024px) 100vw, 1024px\" \/><\/figure>\n\n\n\n<ul><li>ZOS Niedersachsen (<a href=\"http:\/\/www.zos-niedersachsen.de)\" data-type=\"URL\" data-id=\"www.zos-niedersachsen.de)\" target=\"_blank\" rel=\"noreferrer noopener\">www.zos-niedersachsen.de)<\/a><\/li><\/ul>\n\n\n\n<p><\/p>\n","protected":false},"excerpt":{"rendered":"<p>\u00dcber die Zeit meiner Praxist\u00e4tigkeit habe ich viele, viele gute Hundetrainer kennengelernt. Aus meiner pers\u00f6nlichen Erfahrung kann ich immer nur empfehlen, sich an folgende Anlaufstellen zu wenden: Sarah Abbas (www.naturhundliebe.de) &nbsp; Manuela van Schewig (www.hundeschule-vs.de) Marion Thiemann (www.hundeschule-quo-vadis.com) ZOS Niedersachsen (www.zos-niedersachsen.de)<\/p>\n","protected":false},"author":1,"featured_media":0,"parent":99,"menu_order":0,"comment_status":"closed","ping_status":"closed","template":"templates\/full-width-page.php","meta":[],"_links":{"self":[{"href":"https:\/\/tierarztpraxis-rheinbach.de\/index.php?rest_route=\/wp\/v2\/pages\/542"}],"collection":[{"href":"https:\/\/tierarztpraxis-rheinbach.de\/index.php?rest_route=\/wp\/v2\/pages"}],"about":[{"href":"https:\/\/tierarztpraxis-rheinbach.de\/index.php?rest_route=\/wp\/v2\/types\/page"}],"author":[{"embeddable":true,"href":"https:\/\/tierarztpraxis-rheinbach.de\/index.php?rest_route=\/wp\/v2\/users\/1"}],"replies":[{"embeddable":true,"href":"https:\/\/tierarztpraxis-rheinbach.de\/index.php?rest_route=%2Fwp%2Fv2%2Fcomments&post=542"}],"version-history":[{"count":2,"href":"https:\/\/tierarztpraxis-rheinbach.de\/index.php?rest_route=\/wp\/v2\/pages\/542\/revisions"}],"predecessor-version":[{"id":558,"href":"https:\/\/tierarztpraxis-rheinbach.de\/index.php?rest_route=\/wp\/v2\/pages\/542\/revisions\/558"}],"up":[{"embeddable":true,"href":"https:\/\/tierarztpraxis-rheinbach.de\/index.php?rest_route=\/wp\/v2\/pages\/99"}],"wp:attachment":[{"href":"https:\/\/tierarztpraxis-rheinbach.de\/index.php?rest_route=%2Fwp%2Fv2%2Fmedia&parent=542"}],"curies":[{"name":"wp","href":"https:\/\/api.w.org\/{rel}","templated":true}]}}