{"id":565,"date":"2022-04-14T22:18:04","date_gmt":"2022-04-14T22:18:04","guid":{"rendered":"https:\/\/tierarztpraxis-rheinbach.de\/?page_id=565"},"modified":"2023-02-01T10:27:52","modified_gmt":"2023-02-01T10:27:52","slug":"corona-sicherheitsmassnahmen","status":"publish","type":"page","link":"https:\/\/tierarztpraxis-rheinbach.de\/?page_id=565","title":{"rendered":"Corona Sicherheitsma\u00dfnahmen"},"content":{"rendered":"\n<p class=\"has-text-align-center\"><mark style=\"background-color:rgba(0, 0, 0, 0)\" class=\"has-inline-color has-vivid-red-color\"><strong>GIB CORONA KEINE CHANCE!<\/strong><\/mark><\/p>\n\n\n\n<p class=\"has-text-align-center\"><mark style=\"background-color:rgba(0, 0, 0, 0)\" class=\"has-inline-color has-vivid-red-color\">Wir sind nach wie vor dabei<strong>!<\/strong><\/mark><\/p>\n\n\n\n<p class=\"has-text-align-left\">Deshalb m\u00f6chten wir Sie nach wie vor darum bitten, dass:<\/p>\n\n\n\n<p><strong>Betretungsverbot f\u00fcr Tierbesitzer mit Fieber, Hals-\/Schluckbeschwerden, Atemnot, Geschmacks- und Geruchsverlust, Abgeschlagenheit und Schnupfensymptomen (auch solche einer in Abheilung befindlichen Infektion!). <\/strong><\/p>\n\n\n\n<p><mark style=\"background-color:rgba(0, 0, 0, 0)\" class=\"has-inline-color has-vivid-cyan-blue-color\">Sollten Sie f\u00fcr Ihr Tier dennoch unsere Hilfe ben\u00f6tigen, dann teilen Sie uns bitte zuvor telefonisch oder direkt an der Praxist\u00fcr unaufgefordert mit, dass Sie unsere Praxis nicht betreten d\u00fcrfen! In diesen F\u00e4llen sind wir im Interesse der Gesundung Ihres Tieres und der Gesunderhaltung des Praxisteams gehalten, Ihr Tier ohne direkten Kontakt zu \u00fcbernehmen und ohne Ihre Anwesenheit in der Praxis zu behandeln.<\/mark><\/p>\n\n\n\n<p><strong>Telefonische Anmeldung! <\/strong>Bitte auch bei Medikamentenabholungen, Kot- und Urinprobenabgabe!<\/p>\n\n\n\n<p><\/p>\n\n\n\n<p><strong>Einhaltung des Termins!<\/strong><\/p>\n\n\n\n<p><strong>Begleitung des zu behandelnden Tieres durch maximal<\/strong> <strong>eine erwachsene Person mit Mundschutz!<\/strong> Sollte dies aus schwerwiegenden Gr\u00fcnden unm\u00f6glich sein, melden Sie das bitte telefonisch bei uns an.<\/p>\n\n\n\n<p><strong>Nutzung von Desinfektionsm\u00f6glichkeiten f\u00fcr H\u00e4nde!<\/strong> Bitte machen Sie beim Eintreten in die Praxis Gebrauch von den bereitstehenden Desinfektionsm\u00f6glichkeiten f\u00fcr Ihre H\u00e4nde und seien Sie bem\u00fcht, T\u00fcrklinken und Inventar m\u00f6glichst wenig zu ber\u00fchren. Durch ein deutlich versch\u00e4rftes, strenges Oberfl\u00e4chendesinfektions-management versuchen wir m\u00f6gliche Kontaktinfektionen auszuschlie\u00dfen.<\/p>\n\n\n\n<p><strong>Bitte halten Sie nach M\u00f6glichkeit 2 Meter Abstand!<\/strong> <strong>&#8230;auch am Behandlungstisch!<\/strong> Haben Sie deshalb bitte Verst\u00e4ndnis daf\u00fcr, dass meine Mitarbeiter-innen Ihr Tier festhalten. Um den Stress Ihres Tieres so gering wie m\u00f6glich zu halten, w\u00e4re es sch\u00f6n, wenn Sie in entsprechenden Abstand ihre Position mit Sichtkontakt zu Ihrem Tier einnehmen w\u00fcrden.\u00a0<\/p>\n","protected":false},"excerpt":{"rendered":"<p>GIB CORONA KEINE CHANCE! Wir sind nach wie vor dabei! Deshalb m\u00f6chten wir Sie nach wie vor darum bitten, dass: Betretungsverbot f\u00fcr Tierbesitzer mit Fieber, Hals-\/Schluckbeschwerden, Atemnot, Geschmacks- und Geruchsverlust, Abgeschlagenheit und Schnupfensymptomen (auch solche einer in Abheilung befindlichen Infektion!). Sollten Sie f\u00fcr Ihr Tier dennoch unsere Hilfe ben\u00f6tigen, dann teilen Sie uns bitte zuvor&hellip; <a href=\"https:\/\/tierarztpraxis-rheinbach.de\/?page_id=565\" class=\"more-link\">Weiterlesen <span class=\"screen-reader-text\">Corona Sicherheitsma\u00dfnahmen<\/span><\/a><\/p>\n","protected":false},"author":1,"featured_media":0,"parent":2,"menu_order":0,"comment_status":"closed","ping_status":"closed","template":"templates\/full-width-page.php","meta":[],"_links":{"self":[{"href":"https:\/\/tierarztpraxis-rheinbach.de\/index.php?rest_route=\/wp\/v2\/pages\/565"}],"collection":[{"href":"https:\/\/tierarztpraxis-rheinbach.de\/index.php?rest_route=\/wp\/v2\/pages"}],"about":[{"href":"https:\/\/tierarztpraxis-rheinbach.de\/index.php?rest_route=\/wp\/v2\/types\/page"}],"author":[{"embeddable":true,"href":"https:\/\/tierarztpraxis-rheinbach.de\/index.php?rest_route=\/wp\/v2\/users\/1"}],"replies":[{"embeddable":true,"href":"https:\/\/tierarztpraxis-rheinbach.de\/index.php?rest_route=%2Fwp%2Fv2%2Fcomments&post=565"}],"version-history":[{"count":3,"href":"https:\/\/tierarztpraxis-rheinbach.de\/index.php?rest_route=\/wp\/v2\/pages\/565\/revisions"}],"predecessor-version":[{"id":617,"href":"https:\/\/tierarztpraxis-rheinbach.de\/index.php?rest_route=\/wp\/v2\/pages\/565\/revisions\/617"}],"up":[{"embeddable":true,"href":"https:\/\/tierarztpraxis-rheinbach.de\/index.php?rest_route=\/wp\/v2\/pages\/2"}],"wp:attachment":[{"href":"https:\/\/tierarztpraxis-rheinbach.de\/index.php?rest_route=%2Fwp%2Fv2%2Fmedia&parent=565"}],"curies":[{"name":"wp","href":"https:\/\/api.w.org\/{rel}","templated":true}]}}