{"id":573,"date":"2022-04-14T22:28:05","date_gmt":"2022-04-14T22:28:05","guid":{"rendered":"https:\/\/tierarztpraxis-rheinbach.de\/?page_id=573"},"modified":"2022-04-14T22:33:09","modified_gmt":"2022-04-14T22:33:09","slug":"angstfreie-tierarztpraxis","status":"publish","type":"page","link":"https:\/\/tierarztpraxis-rheinbach.de\/?page_id=573","title":{"rendered":"Angstfreie Tierarztpraxis"},"content":{"rendered":"\n<p>Wer kennt es nicht, das Pochen in den Schl\u00e4fen, die feuchten H\u00e4nde, die innere Unruhe auf dem Weg zu Arzt, im Warte- und Behandlungszimmer und die unbeschreibliche Erleichterung, wenn die Untersuchung und Behandlung vorbei sind. Unseren Tieren geht es sicher nicht viel anders. Dass wir als Tierbesitzer oft auch nicht v\u00f6llig entspannt beim Tierarzt vorstellig werden und unsere Tiere diese Anspannung nat\u00fcrlich merken, macht es f\u00fcr unsere vierbeinigen Freunde nicht einfacher.<\/p>\n\n\n\n<p>In diesem Wissen und mit der \u00dcberzeugung, dass ein Tierarztbesuch von Zeit zu Zeit sein mu\u00df, aber kein traumatisierndes Stresserlebnis werden sollte, besch\u00e4ftigen wir uns seit Jahren damit, Stress beim Tierarztbesuch so weit wie m\u00f6glich zu reduzieren. Hierzu haben wir Fortbildungsveranstaltungen im In- und Ausland (u.a. Fear Free Pets-Zertifizierung) absolviert. Gerne besprechen wir mit Ihnen auch vor einem Besuch bei uns, welche M\u00f6glichkeiten und Grenzen wir f\u00fcr Ihr Tier hinsichtlich eines angstfreien Tierarztbesuches sehen.<\/p>\n\n\n\n<p>Sie haben bereits festgestellt, dass Ihr Hund Probleme beim Tierarzt hat oder Sie einen jungen Hund haben, der von Jugend an lernen soll, dass ein Tierarztbesuch gar nicht schlimm ist, dann haben wir f\u00fcr Sie und Ihren Liebling ein Doc-Training-Angebot entwickelt nach modernen Hundeverhaltensgesichtspunkten Und f\u00fcr jedes Alter und Ausbildungsstand frei.<\/p>\n\n\n\n<figure class=\"wp-block-image size-full is-resized\"><img decoding=\"async\" loading=\"lazy\" src=\"https:\/\/tierarztpraxis-rheinbach.de\/wp-content\/uploads\/2022\/04\/image-9.png\" alt=\"\" class=\"wp-image-578\" width=\"310\" height=\"439\" srcset=\"https:\/\/tierarztpraxis-rheinbach.de\/wp-content\/uploads\/2022\/04\/image-9.png 1241w, https:\/\/tierarztpraxis-rheinbach.de\/wp-content\/uploads\/2022\/04\/image-9-212x300.png 212w, https:\/\/tierarztpraxis-rheinbach.de\/wp-content\/uploads\/2022\/04\/image-9-724x1024.png 724w, https:\/\/tierarztpraxis-rheinbach.de\/wp-content\/uploads\/2022\/04\/image-9-768x1086.png 768w, https:\/\/tierarztpraxis-rheinbach.de\/wp-content\/uploads\/2022\/04\/image-9-1086x1536.png 1086w\" sizes=\"(max-width: 310px) 100vw, 310px\" \/><\/figure>\n\n\n\n<p><\/p>\n","protected":false},"excerpt":{"rendered":"<p>Wer kennt es nicht, das Pochen in den Schl\u00e4fen, die feuchten H\u00e4nde, die innere Unruhe auf dem Weg zu Arzt, im Warte- und Behandlungszimmer und die unbeschreibliche Erleichterung, wenn die Untersuchung und Behandlung vorbei sind. Unseren Tieren geht es sicher nicht viel anders. Dass wir als Tierbesitzer oft auch nicht v\u00f6llig entspannt beim Tierarzt vorstellig&hellip; <a href=\"https:\/\/tierarztpraxis-rheinbach.de\/?page_id=573\" class=\"more-link\">Weiterlesen <span class=\"screen-reader-text\">Angstfreie Tierarztpraxis<\/span><\/a><\/p>\n","protected":false},"author":1,"featured_media":0,"parent":85,"menu_order":0,"comment_status":"closed","ping_status":"closed","template":"templates\/full-width-page.php","meta":[],"_links":{"self":[{"href":"https:\/\/tierarztpraxis-rheinbach.de\/index.php?rest_route=\/wp\/v2\/pages\/573"}],"collection":[{"href":"https:\/\/tierarztpraxis-rheinbach.de\/index.php?rest_route=\/wp\/v2\/pages"}],"about":[{"href":"https:\/\/tierarztpraxis-rheinbach.de\/index.php?rest_route=\/wp\/v2\/types\/page"}],"author":[{"embeddable":true,"href":"https:\/\/tierarztpraxis-rheinbach.de\/index.php?rest_route=\/wp\/v2\/users\/1"}],"replies":[{"embeddable":true,"href":"https:\/\/tierarztpraxis-rheinbach.de\/index.php?rest_route=%2Fwp%2Fv2%2Fcomments&post=573"}],"version-history":[{"count":3,"href":"https:\/\/tierarztpraxis-rheinbach.de\/index.php?rest_route=\/wp\/v2\/pages\/573\/revisions"}],"predecessor-version":[{"id":580,"href":"https:\/\/tierarztpraxis-rheinbach.de\/index.php?rest_route=\/wp\/v2\/pages\/573\/revisions\/580"}],"up":[{"embeddable":true,"href":"https:\/\/tierarztpraxis-rheinbach.de\/index.php?rest_route=\/wp\/v2\/pages\/85"}],"wp:attachment":[{"href":"https:\/\/tierarztpraxis-rheinbach.de\/index.php?rest_route=%2Fwp%2Fv2%2Fmedia&parent=573"}],"curies":[{"name":"wp","href":"https:\/\/api.w.org\/{rel}","templated":true}]}}