{"id":7,"date":"2017-12-09T17:05:51","date_gmt":"2017-12-09T17:05:51","guid":{"rendered":"http:\/\/wp.tierarztpraxis-rheinbach.de\/?page_id=7"},"modified":"2024-05-02T14:47:48","modified_gmt":"2024-05-02T14:47:48","slug":"leistungsangebot","status":"publish","type":"page","link":"https:\/\/tierarztpraxis-rheinbach.de\/?page_id=7","title":{"rendered":"Leistungen"},"content":{"rendered":"<div class=\"wp-block-image\">\n<figure class=\"aligncenter size-large\"><img decoding=\"async\" loading=\"lazy\" width=\"1024\" height=\"499\" src=\"https:\/\/tierarztpraxis-rheinbach.de\/wp-content\/uploads\/2021\/07\/image-3-1024x499.png\" alt=\"\" class=\"wp-image-466\" srcset=\"https:\/\/tierarztpraxis-rheinbach.de\/wp-content\/uploads\/2021\/07\/image-3-1024x499.png 1024w, https:\/\/tierarztpraxis-rheinbach.de\/wp-content\/uploads\/2021\/07\/image-3-300x146.png 300w, https:\/\/tierarztpraxis-rheinbach.de\/wp-content\/uploads\/2021\/07\/image-3-768x374.png 768w, https:\/\/tierarztpraxis-rheinbach.de\/wp-content\/uploads\/2021\/07\/image-3.png 1497w\" sizes=\"(max-width: 1024px) 100vw, 1024px\" \/><\/figure><\/div>\n\n\n<h3 class=\"wp-block-heading\"><strong>Unser allgemeines Leistungsspektrum<\/strong><\/h3>\n\n\n\n<div class=\"wp-block-columns is-layout-flex wp-container-6\">\n<div class=\"wp-block-column is-layout-flow\">\n<ul>\n<li>Allgemeine Untersuchung &amp; Beratung<\/li>\n\n\n\n<li>Gesundheitscheck (bes. Jung- u. Alttiere)<\/li>\n\n\n\n<li>Diagnostik und Behandlung bei Neuerkrankung<\/li>\n\n\n\n<li>Impfung<\/li>\n\n\n\n<li>Prophylaxema\u00dfnahmen, wie z.B. Entwurmung &amp; Zeckenvorbeuge<\/li>\n\n\n\n<li>Ohren s\u00e4ubern<\/li>\n\n\n\n<li>Krallenschneiden<\/li>\n\n\n\n<li>Transponder-Markierung<\/li>\n\n\n\n<li>Verbandswechsel<\/li>\n\n\n\n<li>Gesundheitsbescheinigung (Reisedokumente)<\/li>\n\n\n\n<li>Bildgebende Diagnostik (R\u00f6ntgen, Ultraschall)<\/li>\n\n\n\n<li>Allergiediagnostik<\/li>\n\n\n\n<li>Haar-, Urin und Kotuntersuchung im eigenen Labor<\/li>\n<\/ul>\n<\/div>\n\n\n\n<div class=\"wp-block-column is-layout-flow\">\n<ul>\n<li>Lahmheitsuntersuchungen<\/li>\n\n\n\n<li>Ern\u00e4hrungs- und Verhaltenstherapie<\/li>\n\n\n\n<li>Beratung von Welpenk\u00e4ufern und -besitzern<\/li>\n\n\n\n<li>Untersuchung und Behandlung in<br>Narkose<\/li>\n\n\n\n<li>Zahnsteinentfernung (mittels Ultraschallb\u00fcrste auch ohne Narkose)<\/li>\n<\/ul>\n\n\n\n<div class=\"wp-block-columns is-layout-flex wp-container-4\">\n<div class=\"wp-block-column is-layout-flow\">\n<figure class=\"wp-block-image size-medium\"><img decoding=\"async\" loading=\"lazy\" width=\"300\" height=\"226\" src=\"https:\/\/tierarztpraxis-rheinbach.de\/wp-content\/uploads\/2020\/04\/image-4-300x226.png\" alt=\"\" class=\"wp-image-361\" srcset=\"https:\/\/tierarztpraxis-rheinbach.de\/wp-content\/uploads\/2020\/04\/image-4-300x226.png 300w, https:\/\/tierarztpraxis-rheinbach.de\/wp-content\/uploads\/2020\/04\/image-4.png 440w\" sizes=\"(max-width: 300px) 100vw, 300px\" \/><figcaption class=\"wp-element-caption\">Vor der Behandlung<\/figcaption><\/figure>\n<\/div>\n\n\n\n<div class=\"wp-block-column is-layout-flow\">\n<figure class=\"wp-block-image size-medium\"><img decoding=\"async\" loading=\"lazy\" width=\"300\" height=\"226\" src=\"https:\/\/tierarztpraxis-rheinbach.de\/wp-content\/uploads\/2020\/04\/image-5-300x226.png\" alt=\"\" class=\"wp-image-362\" srcset=\"https:\/\/tierarztpraxis-rheinbach.de\/wp-content\/uploads\/2020\/04\/image-5-300x226.png 300w, https:\/\/tierarztpraxis-rheinbach.de\/wp-content\/uploads\/2020\/04\/image-5.png 447w\" sizes=\"(max-width: 300px) 100vw, 300px\" \/><figcaption class=\"wp-element-caption\">Nach der Behandlung<\/figcaption><\/figure>\n<\/div>\n<\/div>\n<\/div>\n<\/div>\n\n\n\n<p>Dar\u00fcber hinaus k\u00f6nnen wir Ihnen im Rahmen der Lahmheitsuntersuchung eine Neuerung anbieten:                       Eine objektive Gangbildanalyse mittels des CanidGait-Laufbandes der Fa. Zebris, das durch eine Druckmessplatte unter dem Laufband Druck- und Kraftbelastung der einzelnen Pfoten in den einzelnen Gangarten und im Stand analysieren kann. Die Zeit der unklaren Lahmheiten ist vorbei! Nat\u00fcrlich k\u00f6nnen wir Ihnen mit diesem Ger\u00e4t auch den realen Behandlungserfolg dokumentieren. <\/p>\n\n\n\n<figure class=\"wp-block-image size-large\"><img decoding=\"async\" loading=\"lazy\" width=\"768\" height=\"1024\" src=\"https:\/\/tierarztpraxis-rheinbach.de\/wp-content\/uploads\/2024\/05\/Brinja-CanidGait-768x1024.jpg\" alt=\"\" class=\"wp-image-654\" srcset=\"https:\/\/tierarztpraxis-rheinbach.de\/wp-content\/uploads\/2024\/05\/Brinja-CanidGait-768x1024.jpg 768w, https:\/\/tierarztpraxis-rheinbach.de\/wp-content\/uploads\/2024\/05\/Brinja-CanidGait-225x300.jpg 225w, https:\/\/tierarztpraxis-rheinbach.de\/wp-content\/uploads\/2024\/05\/Brinja-CanidGait-1152x1536.jpg 1152w, https:\/\/tierarztpraxis-rheinbach.de\/wp-content\/uploads\/2024\/05\/Brinja-CanidGait-1536x2048.jpg 1536w, https:\/\/tierarztpraxis-rheinbach.de\/wp-content\/uploads\/2024\/05\/Brinja-CanidGait-scaled.jpg 1920w\" sizes=\"(max-width: 768px) 100vw, 768px\" \/><\/figure>\n\n\n\n<p>\u201eIn einer Zeit st\u00e4ndigen Fortschritts bin ich bestrebt, Ihren Tieren durch unsere umfassenden Fortbildungen eine nach dem aktuellen Stand der Wissenschaft ausgerichtete Therapie bzw. Ihnen eine optimale Beratung \u00fcber die therapeutischen M\u00f6glichkeiten zuteil werden zu lassen. Deshalb bin ich Mitglied folgender fort- und weiterbildungsorientierter Gesellschaften:<\/p>\n\n\n\n<ul>\n<li>Deutsche veterin\u00e4rmedizinische Gesellschaft (DVG e.V.)<\/li>\n\n\n\n<li>Deutsche Gesellschaft f\u00fcr Osteopathische Medizin (DGOM e.V.)<\/li>\n\n\n\n<li>European Veterinary Osteopathic Society (EVSO)<\/li>\n<\/ul>\n\n\n\n<p>Die Abrechnung der erbrachten Leistungen erfolgt nach der Geb\u00fchrenordnung f\u00fcr Tier\u00e4rzte in der g\u00fcltigen Fassung als Paketpreis der Leistungen im einfachen Geb\u00fchrensatz sowie mit dem einfachen Satz der Geb\u00fchren der Fa. Biocontrol, Ingelheim als Partner unseres Vertrauens in Sachen Blutuntersuchung.<\/p>\n\n\n\n<p><strong>Sind Sie neugierig geworden? Wir&nbsp;freuen uns auf Ihren Anruf!<\/strong><\/p>\n","protected":false},"excerpt":{"rendered":"<p>Unser allgemeines Leistungsspektrum Dar\u00fcber hinaus k\u00f6nnen wir Ihnen im Rahmen der Lahmheitsuntersuchung eine Neuerung anbieten: Eine objektive Gangbildanalyse mittels des CanidGait-Laufbandes der Fa. Zebris, das durch eine Druckmessplatte unter dem Laufband Druck- und Kraftbelastung der einzelnen Pfoten in den einzelnen Gangarten und im Stand analysieren kann. Die Zeit der unklaren Lahmheiten ist vorbei! Nat\u00fcrlich k\u00f6nnen&hellip; <a href=\"https:\/\/tierarztpraxis-rheinbach.de\/?page_id=7\" class=\"more-link\">Weiterlesen <span class=\"screen-reader-text\">Leistungen<\/span><\/a><\/p>\n","protected":false},"author":1,"featured_media":0,"parent":0,"menu_order":0,"comment_status":"closed","ping_status":"closed","template":"templates\/full-width-page.php","meta":[],"_links":{"self":[{"href":"https:\/\/tierarztpraxis-rheinbach.de\/index.php?rest_route=\/wp\/v2\/pages\/7"}],"collection":[{"href":"https:\/\/tierarztpraxis-rheinbach.de\/index.php?rest_route=\/wp\/v2\/pages"}],"about":[{"href":"https:\/\/tierarztpraxis-rheinbach.de\/index.php?rest_route=\/wp\/v2\/types\/page"}],"author":[{"embeddable":true,"href":"https:\/\/tierarztpraxis-rheinbach.de\/index.php?rest_route=\/wp\/v2\/users\/1"}],"replies":[{"embeddable":true,"href":"https:\/\/tierarztpraxis-rheinbach.de\/index.php?rest_route=%2Fwp%2Fv2%2Fcomments&post=7"}],"version-history":[{"count":23,"href":"https:\/\/tierarztpraxis-rheinbach.de\/index.php?rest_route=\/wp\/v2\/pages\/7\/revisions"}],"predecessor-version":[{"id":655,"href":"https:\/\/tierarztpraxis-rheinbach.de\/index.php?rest_route=\/wp\/v2\/pages\/7\/revisions\/655"}],"wp:attachment":[{"href":"https:\/\/tierarztpraxis-rheinbach.de\/index.php?rest_route=%2Fwp%2Fv2%2Fmedia&parent=7"}],"curies":[{"name":"wp","href":"https:\/\/api.w.org\/{rel}","templated":true}]}}